{"id":5302,"date":"2023-09-10T09:06:01","date_gmt":"2023-09-10T07:06:01","guid":{"rendered":"https:\/\/gymnastic.com.pl\/team\/sandra-zurek\/"},"modified":"2024-03-19T23:01:16","modified_gmt":"2024-03-19T22:01:16","slug":"sandra-zurek","status":"publish","type":"page","link":"https:\/\/gymnastic.com.pl\/en\/team\/sandra-zurek\/","title":{"rendered":"Sandra Zurek"},"content":{"rendered":"<p>Hello! I am Sandra Zurek, a trainer with a great passion for path jumping and sports acrobatics. My sports adventure began many years ago, when I trained in sports acrobatics at PTG SOK\u00d3\u0141 KRAK\u00d3W. It was there that my love for jumping was instilled.<\/p>\n<p>They currently train and represent UKS KORONA OLKUSZ. I can boast the title of Multiple Polish Champion in both junior and senior categories. I also gained experience outside of Poland:<\/p>\n<ul>\n<li>7th place at the world championships Birmingham<\/li>\n<li>6th place at the World Cup in Rimini, Italy<\/li>\n<li>8th place at the World Games of Non-Olympic Sports in Birmingham, USA<\/li>\n<li>13th place at the World Championships in Baku, Azerbaijan.<\/li>\n<\/ul>\n<p>I am also a trainer, and my specialty is acrobatic training, fasttrack and airtrack jumps, tumbling, flips, flips and flicks. I&#8217;m also not forgetting the basic gymnastics base, such as handstand, headstand, twine and, of course, strength training at the end.<\/p>\n<p>I am currently studying SPORT at the Academy of Physical Education in Cracow, which allows me to combine passion with gaining knowledge.<\/p>\n<p>In addition, I have completed courses as a Colony Educator, I am an animator and participated in AerialSilk workshops. I want to pass my passion and knowledge on, helping others achieve their sports goals.<\/p>\n<p>If you have any questions or want to start training, you can find me at Gymnastic. Together we will achieve success!<\/p>\n","protected":false},"excerpt":{"rendered":"<p>Hello! I am Sandra Zurek, a trainer with a great passion for path jumping and sports acrobatics. My sports adventure began many years ago, when I trained in sports acrobatics at PTG SOK\u00d3\u0141 KRAK\u00d3W. It was there that my love for jumping was instilled. They currently train and represent UKS KORONA OLKUSZ. I can boast&hellip; <a class=\"more-link\" href=\"https:\/\/gymnastic.com.pl\/en\/team\/sandra-zurek\/\">Continue reading <span class=\"screen-reader-text\">Sandra Zurek<\/span><\/a><\/p>\n","protected":false},"author":1,"featured_media":4906,"parent":5234,"menu_order":8,"comment_status":"closed","ping_status":"closed","template":"coaches.php","meta":{"ngg_post_thumbnail":0,"footnotes":""},"class_list":["post-5302","page","type-page","status-publish","has-post-thumbnail","hentry","entry"],"_links":{"self":[{"href":"https:\/\/gymnastic.com.pl\/en\/wp-json\/wp\/v2\/pages\/5302","targetHints":{"allow":["GET"]}}],"collection":[{"href":"https:\/\/gymnastic.com.pl\/en\/wp-json\/wp\/v2\/pages"}],"about":[{"href":"https:\/\/gymnastic.com.pl\/en\/wp-json\/wp\/v2\/types\/page"}],"author":[{"embeddable":true,"href":"https:\/\/gymnastic.com.pl\/en\/wp-json\/wp\/v2\/users\/1"}],"replies":[{"embeddable":true,"href":"https:\/\/gymnastic.com.pl\/en\/wp-json\/wp\/v2\/comments?post=5302"}],"version-history":[{"count":0,"href":"https:\/\/gymnastic.com.pl\/en\/wp-json\/wp\/v2\/pages\/5302\/revisions"}],"up":[{"embeddable":true,"href":"https:\/\/gymnastic.com.pl\/en\/wp-json\/wp\/v2\/pages\/5234"}],"wp:featuredmedia":[{"embeddable":true,"href":"https:\/\/gymnastic.com.pl\/en\/wp-json\/wp\/v2\/media\/4906"}],"wp:attachment":[{"href":"https:\/\/gymnastic.com.pl\/en\/wp-json\/wp\/v2\/media?parent=5302"}],"curies":[{"name":"wp","href":"https:\/\/api.w.org\/{rel}","templated":true}]}}