{"id":5967,"date":"2024-03-24T21:17:56","date_gmt":"2024-03-24T20:17:56","guid":{"rendered":"https:\/\/gymnastic.com.pl\/obozy-i-polkolonie\/obozy\/oboz-letni-chotowa-2024\/"},"modified":"2024-03-24T21:17:56","modified_gmt":"2024-03-24T20:17:56","slug":"oboz-letni-chotowa-2024","status":"publish","type":"page","link":"https:\/\/gymnastic.com.pl\/en\/obozy-i-polkolonie\/obozy\/oboz-letni-chotowa-2024\/","title":{"rendered":"Ob\u00f3z letni &#8211; Chotowa 2024"},"content":{"rendered":"<div id=\"pl-5967\"  class=\"panel-layout\" ><div id=\"pg-5967-0\"  class=\"panel-grid panel-no-style\" ><div id=\"pgc-5967-0-0\"  class=\"panel-grid-cell\" ><div id=\"panel-5967-0-0-0\" class=\"so-panel widget widget_pageheader-widget panel-first-child panel-last-child\" data-index=\"0\" ><div\n\t\t\t\n\t\t\tclass=\"so-widget-pageheader-widget so-widget-pageheader-widget-base\"\n\t\t\t\n\t\t><section class=\"pageheader\">\n    <div class=\"text\">\n        <div class=\"container\">\n            <h1 class=\"animatecssjs\">\n                Ob\u00f3z gimnastyczno-akrobatyczny                <span>Chotowa 06 - 13.07.2024<\/span>\n            <\/h1>\n\n            <div class=\"bg-shapes\">\n                <svg class=\"s1\" data-name=\"Warstwa 1\" xmlns=\"http:\/\/www.w3.org\/2000\/svg\" viewBox=\"0 0 841.89 841.89\">\n                    <path d=\"M543.88,736.43c-174.24,0-315.49-141.25-315.49-315.49,0-174.24,141.25-315.49,315.49-315.49V736.43Z\"\/>\n                <\/svg>\n                <span class=\"s2\"><\/span>\n                <svg class=\"s3\" data-name=\"Warstwa 1\" xmlns=\"http:\/\/www.w3.org\/2000\/svg\" viewBox=\"0 0 841.89 841.89\">\n                    <path d=\"M578.45,635.12v-73.97s0-44.83,0-44.83c-52.85,0-95.85-43-95.85-95.85,0-52.85,43-95.85,95.85-95.85v-44.83s0-73.96,0-73.96V105.46c-173.7,0-315.02,141.32-315.02,315.02,0,173.7,141.32,315.01,315.02,315.01v-100.38Z\"\/>\n                <\/svg>\n            <\/div>\n        <\/div>\n    <\/div>\n<\/section><\/div><\/div><\/div><\/div><div id=\"pg-5967-1\"  class=\"panel-grid panel-has-style\" ><div class=\"container panel-row-style panel-row-style-for-5967-1\" ><div id=\"pgc-5967-1-0\"  class=\"panel-grid-cell\" ><div id=\"panel-5967-1-0-0\" class=\"so-panel widget widget_campdesc-widget panel-first-child panel-last-child\" data-index=\"1\" ><div\n\t\t\t\n\t\t\tclass=\"so-widget-campdesc-widget so-widget-campdesc-widget-base\"\n\t\t\t\n\t\t><section class=\"campdesc\">\n   <div class=\"row\" >\n        <div class=\"col-xs-12 col-md-8 left\">\n                       <div class=\"row gallery\">\n                                <a href=\"https:\/\/gymnastic.com.pl\/wp-content\/uploads\/2024\/03\/6082F1EB-6131-4D04-BAC9-23DFE9499CBE-scaled.jpg\" class=\"col-6 col-md-3\">\n                        <img decoding=\"async\" src=\"https:\/\/gymnastic.com.pl\/wp-content\/uploads\/2024\/03\/6082F1EB-6131-4D04-BAC9-23DFE9499CBE-550x400.jpg\" \/>\n                    <\/a>                \n                                    <a href=\"https:\/\/gymnastic.com.pl\/wp-content\/uploads\/2024\/03\/IMG_1227-conv-scaled.jpeg\" class=\"col-6 col-md-3\">\n                        <img decoding=\"async\" src=\"https:\/\/gymnastic.com.pl\/wp-content\/uploads\/2024\/03\/IMG_1227-conv-550x400.jpeg\" \/>\n                    <\/a>                \n                                    <a href=\"https:\/\/gymnastic.com.pl\/wp-content\/uploads\/2024\/03\/IMG_3232-conv-scaled.jpeg\" class=\"col-6 col-md-3\">\n                        <img decoding=\"async\" src=\"https:\/\/gymnastic.com.pl\/wp-content\/uploads\/2024\/03\/IMG_3232-conv-550x400.jpeg\" \/>\n                    <\/a>                \n                                    <a href=\"https:\/\/gymnastic.com.pl\/wp-content\/uploads\/2024\/03\/IMG_3266-conv-scaled.jpeg\" class=\"col-6 col-md-3\">\n                        <img decoding=\"async\" src=\"https:\/\/gymnastic.com.pl\/wp-content\/uploads\/2024\/03\/IMG_3266-conv-550x400.jpeg\" \/>\n                    <\/a>                \n                                    <a href=\"https:\/\/gymnastic.com.pl\/wp-content\/uploads\/2024\/03\/IMG_7733-conv-scaled.jpeg\" class=\"col-6 col-md-3\">\n                        <img decoding=\"async\" src=\"https:\/\/gymnastic.com.pl\/wp-content\/uploads\/2024\/03\/IMG_7733-conv-550x400.jpeg\" \/>\n                    <\/a>                \n                                    <a href=\"https:\/\/gymnastic.com.pl\/wp-content\/uploads\/2024\/03\/IMG_7833-conv-scaled.jpeg\" class=\"col-6 col-md-3\">\n                        <img decoding=\"async\" src=\"https:\/\/gymnastic.com.pl\/wp-content\/uploads\/2024\/03\/IMG_7833-conv-550x400.jpeg\" \/>\n                    <\/a>                \n                                    <a href=\"https:\/\/gymnastic.com.pl\/wp-content\/uploads\/2024\/03\/IMG_7852-conv-scaled.jpeg\" class=\"col-6 col-md-3\">\n                        <img decoding=\"async\" src=\"https:\/\/gymnastic.com.pl\/wp-content\/uploads\/2024\/03\/IMG_7852-conv-550x400.jpeg\" \/>\n                    <\/a>                \n                                    <a href=\"https:\/\/gymnastic.com.pl\/wp-content\/uploads\/2024\/03\/IMG_7862-conv-scaled.jpeg\" class=\"col-6 col-md-3\">\n                        <img decoding=\"async\" src=\"https:\/\/gymnastic.com.pl\/wp-content\/uploads\/2024\/03\/IMG_7862-conv-550x400.jpeg\" \/>\n                    <\/a>                \n                           <\/div>\n        <\/div>\n        <div class=\"col-xs-12 col-md-4 right\">\n            <div class=\"card\" style=\"\">\n                <div class=\"card-body\">\n                    <dl class=\"row\">\n                        <dt class=\"col-sm-12\">Miejsce<\/dt>\n                        <dd class=\"col-sm-12\">Chotowa (powiat d\u0119bicki)<\/dd>\n\n                        <dt class=\"col-sm-12\">Termin<\/dt>\n                        <dd class=\"col-sm-12\">06 - 13.07.2024<\/dd>\n\n                        <dt class=\"col-sm-12\">Zakwaterowanie<\/dt>\n                        <dd class=\"col-sm-12\">Grand Chotowa Hotel *** SPA & RESORT - Kompleks le\u015bny <\/dd>\n\n                        <dt class=\"col-sm-12\">Price<\/dt>\n                        <dd class=\"col-sm-12\">2 599 z\u0142<\/dd>\n                        \n                        <dt class=\"col-sm-12\">Ilo\u015b\u0107 miejsc<\/dt>\n                        <dd class=\"col-sm-12\">40<\/dd>\n\n                    <\/dl>\n                    70112                                            <a href=\"#\" class=\"btn runcampmodal\" data-form_id=\"70112\">Sign up<\/a>\n                                                            \n                    <br\/><br\/>\n                   \n                    <strong>ATTENTION<\/strong><br\/>\n                    <small>Wp\u0142ata zaliczki gwarantuje miejsce na obozie.<\/small> \n                <\/div>\n            <\/div>\n            <br\/>\n            <h4 style=\"text-align: left;\">Tak bawili\u015bmmy si\u0119 na poprzednich obozach<\/h2>\n            <iframe width=\"100%\" height=\"250px\" src=\"https:\/\/www.youtube.com\/embed\/On_PykntON8?si=Ysi2aMzJKrqvXw-B\" title=\"YouTube video player\" frameborder=\"0\" allow=\"accelerometer; autoplay; clipboard-write; encrypted-media; gyroscope; picture-in-picture; web-share\" referrerpolicy=\"strict-origin-when-cross-origin\" allowfullscreen><\/iframe>\n            <iframe width=\"100%\" height=\"250px\" src=\"https:\/\/www.youtube.com\/embed\/dobGy2MKf1o?si=Pu2f27HeW5PUw9b4\" title=\"YouTube video player\" frameborder=\"0\" allow=\"accelerometer; autoplay; clipboard-write; encrypted-media; gyroscope; picture-in-picture; web-share\" referrerpolicy=\"strict-origin-when-cross-origin\" allowfullscreen><\/iframe>\n        <\/div>\n   <\/div>\n<\/section>\n<br\/>\n<br\/>\n\n<div class=\"modal fade\" id=\"campdescmodal\" tabindex=\"-1\" aria-labelledby=\"exampleModalLabel\" aria-hidden=\"true\">\n    <div class=\"modal-dialog modal-lg modal-dialog-scrollable\">\n        <div class=\"modal-content\">\n            <div class=\"modal-header\">\n            <h5 class=\"modal-title\" id=\"exampleModalLabel\">Registration<\/h5>\n            <button type=\"button\" class=\"btn-close\" data-bs-dismiss=\"modal\" aria-label=\"Close\"><\/button>\n            <\/div>\n            <div class=\"modal-body\"><\/div>\n        <\/div>\n    <\/div>\n<\/div><\/div><\/div><\/div><\/div><\/div><\/div>","protected":false},"excerpt":{"rendered":"<p>Ob\u00f3z gimnastyczno-akrobatyczny Chotowa 06 &#8211; 13.07.2024 Miejsce Chotowa (powiat d\u0119bicki) Termin 06 &#8211; 13.07.2024 Zakwaterowanie Grand Chotowa Hotel *** SPA &#038; RESORT &#8211; Kompleks le\u015bny Price 2 599 z\u0142 Ilo\u015b\u0107 miejsc 40 70112 Sign up ATTENTION Wp\u0142ata zaliczki gwarantuje miejsce na obozie. Tak bawili\u015bmmy si\u0119 na poprzednich obozach Registration<\/p>\n","protected":false},"author":1,"featured_media":5487,"parent":5965,"menu_order":1,"comment_status":"closed","ping_status":"closed","template":"","meta":{"ngg_post_thumbnail":0,"footnotes":""},"class_list":["post-5967","page","type-page","status-publish","has-post-thumbnail","hentry","entry"],"_links":{"self":[{"href":"https:\/\/gymnastic.com.pl\/en\/wp-json\/wp\/v2\/pages\/5967","targetHints":{"allow":["GET"]}}],"collection":[{"href":"https:\/\/gymnastic.com.pl\/en\/wp-json\/wp\/v2\/pages"}],"about":[{"href":"https:\/\/gymnastic.com.pl\/en\/wp-json\/wp\/v2\/types\/page"}],"author":[{"embeddable":true,"href":"https:\/\/gymnastic.com.pl\/en\/wp-json\/wp\/v2\/users\/1"}],"replies":[{"embeddable":true,"href":"https:\/\/gymnastic.com.pl\/en\/wp-json\/wp\/v2\/comments?post=5967"}],"version-history":[{"count":0,"href":"https:\/\/gymnastic.com.pl\/en\/wp-json\/wp\/v2\/pages\/5967\/revisions"}],"up":[{"embeddable":true,"href":"https:\/\/gymnastic.com.pl\/en\/wp-json\/wp\/v2\/pages\/5965"}],"wp:featuredmedia":[{"embeddable":true,"href":"https:\/\/gymnastic.com.pl\/en\/wp-json\/wp\/v2\/media\/5487"}],"wp:attachment":[{"href":"https:\/\/gymnastic.com.pl\/en\/wp-json\/wp\/v2\/media?parent=5967"}],"curies":[{"name":"wp","href":"https:\/\/api.w.org\/{rel}","templated":true}]}}