{"id":5969,"date":"2024-03-22T22:11:36","date_gmt":"2024-03-22T21:11:36","guid":{"rendered":"https:\/\/gymnastic.com.pl\/obozy-i-polkolonie\/polkolonie\/letnie-polkolonie\/"},"modified":"2025-05-14T18:34:23","modified_gmt":"2025-05-14T16:34:23","slug":"letnie-polkolonie","status":"publish","type":"page","link":"https:\/\/gymnastic.com.pl\/en\/obozy-i-polkolonie\/polkolonie\/letnie-polkolonie\/","title":{"rendered":"Letnie p\u00f3\u0142kolonie"},"content":{"rendered":"<div id=\"pl-5969\"  class=\"panel-layout\" ><div id=\"pg-5969-0\"  class=\"panel-grid panel-no-style\" ><div id=\"pgc-5969-0-0\"  class=\"panel-grid-cell\" ><div id=\"panel-5969-0-0-0\" class=\"so-panel widget widget_pageheader-widget panel-first-child panel-last-child\" data-index=\"0\" ><div\n\t\t\t\n\t\t\tclass=\"so-widget-pageheader-widget so-widget-pageheader-widget-base\"\n\t\t\t\n\t\t><section class=\"pageheader\">\n    <div class=\"text\">\n        <div class=\"container\">\n            <h1 class=\"animatecssjs\">\n                Letnie p\u00f3\u0142kolonie                <span>z Gymnastic<\/span>\n            <\/h1>\n\n            <div class=\"bg-shapes\">\n                <svg class=\"s1\" data-name=\"Warstwa 1\" xmlns=\"http:\/\/www.w3.org\/2000\/svg\" viewBox=\"0 0 841.89 841.89\">\n                    <path d=\"M543.88,736.43c-174.24,0-315.49-141.25-315.49-315.49,0-174.24,141.25-315.49,315.49-315.49V736.43Z\"\/>\n                <\/svg>\n                <span class=\"s2\"><\/span>\n                <svg class=\"s3\" data-name=\"Warstwa 1\" xmlns=\"http:\/\/www.w3.org\/2000\/svg\" viewBox=\"0 0 841.89 841.89\">\n                    <path d=\"M578.45,635.12v-73.97s0-44.83,0-44.83c-52.85,0-95.85-43-95.85-95.85,0-52.85,43-95.85,95.85-95.85v-44.83s0-73.96,0-73.96V105.46c-173.7,0-315.02,141.32-315.02,315.02,0,173.7,141.32,315.01,315.02,315.01v-100.38Z\"\/>\n                <\/svg>\n            <\/div>\n        <\/div>\n    <\/div>\n<\/section><\/div><\/div><\/div><\/div><div id=\"pg-5969-1\"  class=\"panel-grid panel-has-style\" ><div class=\"container panel-row-style panel-row-style-for-5969-1\" ><div id=\"pgc-5969-1-0\"  class=\"panel-grid-cell\" ><div id=\"panel-5969-1-0-0\" class=\"so-panel widget widget_polkolonia-widget panel-first-child panel-last-child\" data-index=\"1\" ><div\n\t\t\t\n\t\t\tclass=\"so-widget-polkolonia-widget so-widget-polkolonia-widget-base\"\n\t\t\t\n\t\t><section class=\"campdesc\">\n   <div class=\"row\" >\n        <div class=\"col-xs-12 col-md-8 left\" style=\"position: relative\">\n            <div class=\"intro\">\n                <h3><strong>P\u00f3\u0142kolonie Letnie w Gymnastic \u2013 Aktywne i Kreatywne Wakacje!<\/strong><\/h3>\n<p>Szukasz wyj\u0105tkowego miejsca na letnie p\u00f3\u0142kolonie dla Twojego dziecka? Gymnastic to idealne rozwi\u0105zanie! Zapewniamy aktywny i kreatywny wypoczynek, pe\u0142en sportowych emocji i artystycznych odkry\u0107.<\/p>\n<p><strong>Co Oferujemy?<\/strong><\/p>\n<ul>\n<li><strong>Zaj\u0119cia Akrobatyczne i Judo<\/strong>: Rozwijaj zwinno\u015b\u0107 i si\u0142\u0119 pod okiem do\u015bwiadczonych trener\u00f3w.<\/li>\n<li><strong>Parkour<\/strong>: Naucz si\u0119 pokonywa\u0107 przeszkody z gracj\u0105 i bezpiecze\u0144stwem.<\/li>\n<li><strong>Wycieczka &#8211; Kolej Drezynowa w Regulicach<\/strong>: Prze\u017cyj przygod\u0119 na malowniczej trasie kolejowej.<\/li>\n<li><strong>Wycieczka &#8211; Park Linowy<\/strong><\/li>\n<li><strong>Gry i Zabawy<\/strong>: Odkrywaj nowe gry i tw\u00f3rz przyja\u017anie w atmosferze zabawy.<\/li>\n<li><strong>Warsztaty Kreatywne<\/strong>: Wyra\u017a siebie przez sztuk\u0119 i tw\u00f3rcze projekty.<\/li>\n<li><strong>Biwak z Ogniskiem<\/strong><\/li>\n<\/ul>\n<p>Do\u0142\u0105cz do nas na niezapomniane letnie p\u00f3\u0142kolonie w Gymnastic! Zapisz swoje dziecko na aktywne wakacje pe\u0142ne wyzwa\u0144 i rado\u015bci.<\/p>\n                <svg class=\"deco-1\" data-name=\"Warstwa 1\" xmlns=\"http:\/\/www.w3.org\/2000\/svg\" viewBox=\"0 0 841.89 841.89\">\n                    <path d=\"M543.88,736.43c-174.24,0-315.49-141.25-315.49-315.49,0-174.24,141.25-315.49,315.49-315.49V736.43Z\"><\/path>\n                <\/svg>\n            <\/div>\n            <br\/><br\/>\n            <div style=\"text-align:center;\">\n                                <span class=\"desc-box desc-box-1\"><p><strong>W ofercie<\/strong><\/p>\n<ul>\n<li>zaj\u0119cia akrobatyczne, judo, parkour,<\/li>\n<li>gry i zabawy,<\/li>\n<li>warsztaty kreatywne<\/li>\n<li>wycieczka &#8211; Kolej Drezynowa w Regulicach<\/li>\n<li>biwak \/ ognisko<\/li>\n<li>park linowy<\/li>\n<\/ul>\n<\/span>\n                <span class=\"desc-box desc-box-2\"><\/span>\n                <span class=\"desc-box desc-box-3\"><ul>\n<li>drugie \u015bniadanie, obiad, podwieczorek<\/li>\n<li>na zako\u0144czenie p\u00f3\u0142kolonii pizza<\/li>\n<li>ubezpieczenie NWW<\/li>\n<li>dyplom<\/li>\n<li>gad\u017cet Gymnastic<\/li>\n<\/ul>\n<\/span>\n            <\/div>\n            <br\/>\n            <hr\/>\n            <br\/>\n           <div class=\"row gallery\">\n                                <a href=\"https:\/\/gymnastic.com.pl\/wp-content\/uploads\/2024\/03\/IMG_1315-scaled.jpeg\" class=\"col-6 col-md-3\">\n                        <img decoding=\"async\" src=\"https:\/\/gymnastic.com.pl\/wp-content\/uploads\/2024\/03\/IMG_1315-550x400.jpeg\" \/>\n                    <\/a>                \n                                    <a href=\"https:\/\/gymnastic.com.pl\/wp-content\/uploads\/2024\/03\/IMG_1326-scaled.jpeg\" class=\"col-6 col-md-3\">\n                        <img decoding=\"async\" src=\"https:\/\/gymnastic.com.pl\/wp-content\/uploads\/2024\/03\/IMG_1326-scaled.jpeg\" \/>\n                    <\/a>                \n                                    <a href=\"https:\/\/gymnastic.com.pl\/wp-content\/uploads\/2024\/03\/IMG_1308-scaled.jpeg\" class=\"col-6 col-md-3\">\n                        <img decoding=\"async\" src=\"https:\/\/gymnastic.com.pl\/wp-content\/uploads\/2024\/03\/IMG_1308-scaled.jpeg\" \/>\n                    <\/a>                \n                                    <a href=\"https:\/\/gymnastic.com.pl\/wp-content\/uploads\/2024\/03\/IMG_4340-scaled.jpeg\" class=\"col-6 col-md-3\">\n                        <img decoding=\"async\" src=\"https:\/\/gymnastic.com.pl\/wp-content\/uploads\/2024\/03\/IMG_4340-550x400.jpeg\" \/>\n                    <\/a>                \n                                    <a href=\"https:\/\/gymnastic.com.pl\/wp-content\/uploads\/2024\/03\/IMG_4328-scaled.jpeg\" class=\"col-6 col-md-3\">\n                        <img decoding=\"async\" src=\"https:\/\/gymnastic.com.pl\/wp-content\/uploads\/2024\/03\/IMG_4328-550x400.jpeg\" \/>\n                    <\/a>                \n                                    <a href=\"https:\/\/gymnastic.com.pl\/wp-content\/uploads\/2024\/03\/IMG_4319-scaled.jpeg\" class=\"col-6 col-md-3\">\n                        <img decoding=\"async\" src=\"https:\/\/gymnastic.com.pl\/wp-content\/uploads\/2024\/03\/IMG_4319-550x400.jpeg\" \/>\n                    <\/a>                \n                                    <a href=\"https:\/\/gymnastic.com.pl\/wp-content\/uploads\/2024\/03\/IMG_8397-scaled.jpeg\" class=\"col-6 col-md-3\">\n                        <img decoding=\"async\" src=\"https:\/\/gymnastic.com.pl\/wp-content\/uploads\/2024\/03\/IMG_8397-550x400.jpeg\" \/>\n                    <\/a>                \n                                    <a href=\"https:\/\/gymnastic.com.pl\/wp-content\/uploads\/2024\/03\/IMG_0571-scaled.jpeg\" class=\"col-6 col-md-3\">\n                        <img decoding=\"async\" src=\"https:\/\/gymnastic.com.pl\/wp-content\/uploads\/2024\/03\/IMG_0571-550x400.jpeg\" \/>\n                    <\/a>                \n                                    <a href=\"https:\/\/gymnastic.com.pl\/wp-content\/uploads\/2024\/03\/IMG_0573-scaled.jpeg\" class=\"col-6 col-md-3\">\n                        <img decoding=\"async\" src=\"https:\/\/gymnastic.com.pl\/wp-content\/uploads\/2024\/03\/IMG_0573-550x400.jpeg\" \/>\n                    <\/a>                \n                                    <a href=\"https:\/\/gymnastic.com.pl\/wp-content\/uploads\/2024\/03\/IMG_0634-scaled.jpeg\" class=\"col-6 col-md-3\">\n                        <img decoding=\"async\" src=\"https:\/\/gymnastic.com.pl\/wp-content\/uploads\/2024\/03\/IMG_0634-550x400.jpeg\" \/>\n                    <\/a>                \n                                    <a href=\"https:\/\/gymnastic.com.pl\/wp-content\/uploads\/2024\/03\/IMG_0631-scaled.jpeg\" class=\"col-6 col-md-3\">\n                        <img decoding=\"async\" src=\"https:\/\/gymnastic.com.pl\/wp-content\/uploads\/2024\/03\/IMG_0631-550x400.jpeg\" \/>\n                    <\/a>                \n                                    <a href=\"https:\/\/gymnastic.com.pl\/wp-content\/uploads\/2024\/03\/IMG_0627-scaled.jpeg\" class=\"col-6 col-md-3\">\n                        <img decoding=\"async\" src=\"https:\/\/gymnastic.com.pl\/wp-content\/uploads\/2024\/03\/IMG_0627-550x400.jpeg\" \/>\n                    <\/a>                \n                           <\/div>\n        <\/div>\n        <div class=\"col-xs-12 col-md-4 right\">\n            <div class=\"card\" style=\"\">\n                <div class=\"card-body\">\n                    <dl class=\"row\">\n                        <dt class=\"col-sm-12\">Miejsce<\/dt>\n                        <dd class=\"col-sm-12\">Gymnastic Modlniczka<\/dd>\n\n                        <dt class=\"col-sm-12\">Termin<\/dt>\n                        <dd class=\"col-sm-12\">01.07.2024 - 05.07.2024, 15.07.2024 - 19.07.2024, 5.08.2024 - 09.08.2024, 19.08.2024 - 23.08.2024, 26.08.2024 - 30.08.2024<\/dd>\n\n                        <dt class=\"col-sm-12\">Price<\/dt>\n                        <dd class=\"col-sm-12\">949 z\u0142<\/dd>\n                        \n                    <\/dl>\n                    <a href=\"#\" class=\"btn runpolkoloniamodal\" data-form_id=\"70082\">Sign up<\/a>\n                    <br\/><br\/>\n                   \n                    <strong>ATTENTION<\/strong><br\/>\n                    <small>Wp\u0142ata zaliczki gwarantuje miejsce na p\u00f3\u0142kolonii.<\/small> \n                <\/div>\n            <\/div>\n            <br\/>\n            <h4 style=\"text-align: left;\">Tak bawili\u015bmy si\u0119 na poprzednich p\u00f3\u0142koloniach<\/h2>\n            <iframe width=\"100%\" height=\"250\" src=\"https:\/\/www.youtube.com\/embed\/6iNObERoUnw?si=1KasoUr8iEHdV6mX\" title=\"YouTube video player\" frameborder=\"0\" allow=\"accelerometer; autoplay; clipboard-write; encrypted-media; gyroscope; picture-in-picture; web-share\" allowfullscreen><\/iframe>\n        <\/div>\n   <\/div>\n<\/section>\n<br\/>\n<br\/>\n\n<div class=\"modal fade ga-register\"  id=\"polkoloniadescmodal\" tabindex=\"-1\" aria-labelledby=\"exampleModalLabel\" aria-hidden=\"true\" \n        data-type=\"polkolonia\"\n        data-value=\"949\"\n        data-item_name=\"Letnie p\u00f3\u0142kolonie\"\n        data-item_category=\"Gymnastic Modlniczka\"\n        data-item_price=\"949\"\n    >\n    <div class=\"modal-dialog modal-lg modal-dialog-scrollable\">\n        <div class=\"modal-content\">\n            <div class=\"modal-header\">\n            <h5 class=\"modal-title\" id=\"exampleModalLabel\">Registration<\/h5>\n            <button type=\"button\" class=\"btn-close\" data-bs-dismiss=\"modal\" aria-label=\"Close\"><\/button>\n            <\/div>\n            <div class=\"modal-body\"><\/div>\n        <\/div>\n    <\/div>\n<\/div><\/div><\/div><\/div><\/div><\/div><\/div>","protected":false},"excerpt":{"rendered":"<p>Letnie p\u00f3\u0142kolonie z Gymnastic P\u00f3\u0142kolonie Letnie w Gymnastic \u2013 Aktywne i Kreatywne Wakacje! Szukasz wyj\u0105tkowego miejsca na letnie p\u00f3\u0142kolonie dla Twojego dziecka? Gymnastic to idealne rozwi\u0105zanie! Zapewniamy aktywny i kreatywny wypoczynek, pe\u0142en sportowych emocji i artystycznych odkry\u0107. Co Oferujemy? Zaj\u0119cia Akrobatyczne i Judo: Rozwijaj zwinno\u015b\u0107 i si\u0142\u0119 pod okiem do\u015bwiadczonych trener\u00f3w. Parkour: Naucz si\u0119 pokonywa\u0107&hellip; <a class=\"more-link\" href=\"https:\/\/gymnastic.com.pl\/en\/obozy-i-polkolonie\/polkolonie\/letnie-polkolonie\/\">Continue reading <span class=\"screen-reader-text\">Letnie p\u00f3\u0142kolonie<\/span><\/a><\/p>\n","protected":false},"author":1,"featured_media":0,"parent":5963,"menu_order":1,"comment_status":"closed","ping_status":"closed","template":"","meta":{"ngg_post_thumbnail":0,"footnotes":""},"class_list":["post-5969","page","type-page","status-publish","hentry","entry"],"_links":{"self":[{"href":"https:\/\/gymnastic.com.pl\/en\/wp-json\/wp\/v2\/pages\/5969","targetHints":{"allow":["GET"]}}],"collection":[{"href":"https:\/\/gymnastic.com.pl\/en\/wp-json\/wp\/v2\/pages"}],"about":[{"href":"https:\/\/gymnastic.com.pl\/en\/wp-json\/wp\/v2\/types\/page"}],"author":[{"embeddable":true,"href":"https:\/\/gymnastic.com.pl\/en\/wp-json\/wp\/v2\/users\/1"}],"replies":[{"embeddable":true,"href":"https:\/\/gymnastic.com.pl\/en\/wp-json\/wp\/v2\/comments?post=5969"}],"version-history":[{"count":0,"href":"https:\/\/gymnastic.com.pl\/en\/wp-json\/wp\/v2\/pages\/5969\/revisions"}],"up":[{"embeddable":true,"href":"https:\/\/gymnastic.com.pl\/en\/wp-json\/wp\/v2\/pages\/5963"}],"wp:attachment":[{"href":"https:\/\/gymnastic.com.pl\/en\/wp-json\/wp\/v2\/media?parent=5969"}],"curies":[{"name":"wp","href":"https:\/\/api.w.org\/{rel}","templated":true}]}}