{"id":6538,"date":"2024-06-05T09:40:47","date_gmt":"2024-06-05T07:40:47","guid":{"rendered":"https:\/\/gymnastic.com.pl\/zajecia-summergym\/zajecia-dla-doroslych\/zajecia-indywidualne\/"},"modified":"2024-06-05T09:40:47","modified_gmt":"2024-06-05T07:40:47","slug":"zajecia-indywidualne","status":"publish","type":"page","link":"https:\/\/gymnastic.com.pl\/en\/summergym-classes\/classes-for-adults\/zajecia-indywidualne\/","title":{"rendered":"Zaj\u0119cia indywidualne"},"content":{"rendered":"<div id=\"pl-6538\"  class=\"panel-layout\" ><div id=\"pg-6538-0\"  class=\"panel-grid panel-no-style\" ><div id=\"pgc-6538-0-0\"  class=\"panel-grid-cell\" ><div id=\"panel-6538-0-0-0\" class=\"so-panel widget widget_pageheader-widget panel-first-child panel-last-child\" data-index=\"0\" ><div\n\t\t\t\n\t\t\tclass=\"so-widget-pageheader-widget so-widget-pageheader-widget-base\"\n\t\t\t\n\t\t><section class=\"pageheader\">\n    <div class=\"text\">\n        <div class=\"container\">\n            <h1 class=\"animatecssjs\">\n                Zaj\u0119cia indywidualne                <span>Gimnastyka i akrobatyka<\/span>\n            <\/h1>\n\n            <div class=\"bg-shapes\">\n                <svg class=\"s1\" data-name=\"Warstwa 1\" xmlns=\"http:\/\/www.w3.org\/2000\/svg\" viewBox=\"0 0 841.89 841.89\">\n                    <path d=\"M543.88,736.43c-174.24,0-315.49-141.25-315.49-315.49,0-174.24,141.25-315.49,315.49-315.49V736.43Z\"\/>\n                <\/svg>\n                <span class=\"s2\"><\/span>\n                <svg class=\"s3\" data-name=\"Warstwa 1\" xmlns=\"http:\/\/www.w3.org\/2000\/svg\" viewBox=\"0 0 841.89 841.89\">\n                    <path d=\"M578.45,635.12v-73.97s0-44.83,0-44.83c-52.85,0-95.85-43-95.85-95.85,0-52.85,43-95.85,95.85-95.85v-44.83s0-73.96,0-73.96V105.46c-173.7,0-315.02,141.32-315.02,315.02,0,173.7,141.32,315.01,315.02,315.01v-100.38Z\"\/>\n                <\/svg>\n            <\/div>\n        <\/div>\n    <\/div>\n<\/section><\/div><\/div><\/div><\/div><div id=\"pg-6538-1\"  class=\"panel-grid panel-has-style\" ><div class=\"container panel-row-style panel-row-style-for-6538-1\" ><div id=\"pgc-6538-1-0\"  class=\"panel-grid-cell\" ><div id=\"panel-6538-1-0-0\" class=\"so-panel widget widget_sow-editor panel-first-child panel-last-child\" data-index=\"1\" ><div\n\t\t\t\n\t\t\tclass=\"so-widget-sow-editor so-widget-sow-editor-base\"\n\t\t\t\n\t\t>\n<div class=\"siteorigin-widget-tinymce textwidget\">\n\t<h2 style=\"text-align: left;\"><span>Zaj\u0119cia indywidualne<\/span>Dlaczego warto<\/h2>\n<p>Kiedy czujesz, \u017ce zaj\u0119cia grupowe to dla Ciebie za ma\u0142o i dodatkowo chcesz skoncentrowa\u0107 si\u0119 na doskonaleniu wybranego elementu gimnastycznego zapraszamy Ci\u0119 na zaj\u0119cia indywidualne. Profesjonalizm oraz indywidualne - to tym w\u0142a\u015bnie cechuj\u0105 si\u0119 te zaj\u0119cia.<\/p>\n<\/div>\n<\/div><\/div><\/div><div id=\"pgc-6538-1-1\"  class=\"panel-grid-cell\" ><div id=\"panel-6538-1-1-0\" class=\"so-panel widget widget_vimeo-widget panel-first-child panel-last-child\" data-index=\"2\" ><div\n\t\t\t\n\t\t\tclass=\"so-widget-vimeo-widget so-widget-vimeo-widget-base\"\n\t\t\t\n\t\t><div style=\"width: 100%; padding:56.25% 0 0 0;position:relative;\"><iframe src=\"https:\/\/player.vimeo.com\/video\/699795749?h=858bd75e02&amp;badge=0&amp;autopause=0&amp;player_id=0&amp;app_id=58479\" frameborder=\"0\" allow=\"autoplay; fullscreen; picture-in-picture\" allowfullscreen style=\"position:absolute;top:0;left:0;width:100%;height:100%;\" title=\"1poziom\"><\/iframe><\/div><script src=\"https:\/\/player.vimeo.com\/api\/player.js\"><\/script><\/div><\/div><\/div><\/div><\/div><div id=\"pg-6538-2\"  class=\"panel-grid panel-no-style\" ><div id=\"pgc-6538-2-0\"  class=\"panel-grid-cell\" ><div id=\"panel-6538-2-0-0\" class=\"so-panel widget widget_bgbox-widget panel-first-child panel-last-child\" data-index=\"3\" ><div\n\t\t\t\n\t\t\tclass=\"so-widget-bgbox-widget so-widget-bgbox-widget-base\"\n\t\t\t\n\t\t>\n<section class=\"parentportal bgbox\">\n   <div class=\"container\">\n                <div class=\"icons\">\n                    <\/div>\n   <\/div>\n<\/section><\/div><\/div><\/div><\/div><div id=\"pg-6538-3\"  class=\"panel-grid panel-has-style\" ><div class=\"container panel-row-style panel-row-style-for-6538-3\" ><div id=\"pgc-6538-3-0\"  class=\"panel-grid-cell\" ><div id=\"panel-6538-3-0-0\" class=\"so-panel widget widget_sow-editor panel-first-child\" data-index=\"4\" ><div\n\t\t\t\n\t\t\tclass=\"so-widget-sow-editor so-widget-sow-editor-base\"\n\t\t\t\n\t\t>\n<div class=\"siteorigin-widget-tinymce textwidget\">\n\t<h2 style=\"text-align: center;\"><span>Zaj\u0119cia indywidualne<\/span>Cennik<\/h2>\n<\/div>\n<\/div><\/div><div id=\"panel-6538-3-0-1\" class=\"so-panel widget widget_cennik-widget panel-last-child\" data-index=\"5\" ><div\n\t\t\t\n\t\t\tclass=\"so-widget-cennik-widget so-widget-cennik-widget-base\"\n\t\t\t\n\t\t><section class=\"cennik\">\n    <svg class=\"deco-1\" data-name=\"Warstwa 1\" xmlns=\"http:\/\/www.w3.org\/2000\/svg\" viewBox=\"0 0 841.89 841.89\">\n        <path class=\"cls-1\" d=\"M578.45,635.12v-73.97s0-44.83,0-44.83c-52.85,0-95.85-43-95.85-95.85,0-52.85,43-95.85,95.85-95.85v-44.83s0-73.96,0-73.96V105.46c-173.7,0-315.02,141.32-315.02,315.02,0,173.7,141.32,315.01,315.02,315.01v-100.38Z\"\/>\n    <\/svg>\n    <svg class=\"gymek2\" data-name=\"Warstwa 1\" xmlns=\"http:\/\/www.w3.org\/2000\/svg\" viewBox=\"0 0 595.28 595.28\">\n        <path class=\"cls-1\" d=\"M437.88,186.64c-2.24,10.73-9.12,17.39-14.57,20.38-17.21,9.44-36.58,7.47-42.34,6.34,4.9,5.61,11.98,15.11,16.66,28.53,2.57,7.38,8.89,26.4,2.06,49.25-6.81,22.76-22.41,35.05-25.35,37.3-1.61,1.23-3.22,2.29-4.82,3.2-2.72-25.12-11-45.25-23.27-60.94,2.18-4.67,3.84-10.33,3.9-17.26,.03-3.7-.09-23.56-13.87-42.92-13.84-19.42-32.74-26.11-40.14-28.61-1.53-.52-3.04-.98-4.52-1.38,.08-1.03,.17-2.1,.25-2.95,.4-4.32,2.15-21.57,18.98-28.63,40.44-16.95,80.55-8.29,90.84-5.47,15.72,4.3,24.1,8.66,29,14.74,1.74,2.16,10.39,13.04,7.19,28.42Z\"><\/path>\n        <path class=\"cls-1\" d=\"M404,515.57c-8.15,8.61-22.27,10.47-32.78,10.48,0,0-1.26-.09-2.89-.22,9.48-21.18,3.6-68.46-3.37-98.06-2.63-11.18-5.79-20.53-9.84-29.96,2.76-4.8,5.74-9.48,8.05-14.49,.69-1.49,2.3-6.14,2.3-6.14,2.35-8.16,4.17-16.66,4.75-25.4,3.83,3.92,7.29,8.21,9.96,12.81,13.74,23.69,18.07,39.28,18.07,39.28,4.5,13.56,10.93,34.56,13.99,55.82,3.65,25.34,2.22,44.82-8.24,55.88Z\"><\/path>\n        <path class=\"cls-1\" d=\"M350.15,253.44c-.06,6.93-1.72,12.59-3.9,17.26-8.83-11.29-19.71-20.29-32.07-27.19-22.46-12.57-49.79-18.22-78.41-18.22-15.87,0-31.34,3.21-45.76,8.99-1.44-1.11-3.71-3.05-4.72-3.95-1.23-1.09-3.11-2.83-4.84-4.45-3.17-2.97-15.71-14.94-10.94-32.56,11.45-42.33,42.92-68.66,51.46-75.05,13.05-9.77,21.64-13.71,29.44-13.84,2.78-.04,16.68-.19,26.85,11.78,7.09,8.36,8.13,17.88,7.14,24.01-3.12,19.38-16.57,33.46-21,37.32,6.59-.38,16.65-.23,28.22,2.99,1.48,.4,2.99,.86,4.52,1.38,7.4,2.5,26.3,9.19,40.14,28.61,13.78,19.36,13.9,39.22,13.87,42.92Z\"><\/path>\n        <path class=\"cls-2\" d=\"M342.12,371.42c2.38,4.35,4.73,8.94,7.11,13.73,2.16,4.34,4.11,8.51,5.89,12.66,2.76-4.8,5.74-9.48,8.05-14.49,.69-1.49,2.3-6.14,2.3-6.14,2.35-8.16,4.17-16.66,4.75-25.4,.2-3.08,.25-6.18,.11-9.31-.16-3.71-.43-7.32-.81-10.83-2.72-25.12-11-45.25-23.27-60.94-8.83-11.29-19.71-20.29-32.07-27.19-22.46-12.57-49.79-18.22-78.41-18.22-15.87,0-31.34,3.21-45.76,8.99-48.53,19.43-85.19,67.98-85.19,121.38,0,69.27,48.21,136.47,124.94,136.47,29.24,0,51.42-3.89,72.75-20.66l.09-.13c-1.28-6.7-3.49-14.21-7.19-21.87\"><\/path>\n        <path class=\"cls-2\" d=\"M342.12,371.42c5.19,9.72,9.43,18.09,13,26.39,4.05,9.43,7.21,18.78,9.84,29.96,6.97,29.6,12.85,76.88,3.37,98.06-1.49,3.35-3.37,6.05-5.69,7.92-17.79,14.37-39.9,13.74-64.43,12.76-14.99-.6-30.6-3.96-37.29-18.65-5.63-12.37-1-21.99,2.29-25.26,9.71-9.63,23.97-10.73,40.58-5.68,0,0,1.63-10.85-1.19-25.58-1.28-6.7-3.49-14.21-7.19-21.87\"><\/path>\n        <path class=\"cls-3\" d=\"M198.01,454.04s3.79-3.87,5.19-5.33c1.02-1.06,10.21-8.49,10.21-8.49l-15.36-22.75-5.98-8.33\"><\/path>\n        <path class=\"cls-3\" d=\"M198.01,387.7s3.79-3.87,5.19-5.33c1.02-1.06,10.21-8.49,10.21-8.49l-15.36-22.75-5.98-8.33\"><\/path>\n        <path class=\"cls-3\" d=\"M179.45,107.38c.11-2.88,.95-16.93,12.53-27.78,13.88-13.01,31.62-10.55,33.82-10.21\"><\/path>\n        <path class=\"cls-3\" d=\"M162.65,80.82c.53-2.84,3.43-16.61,16.48-25.64,15.65-10.82,32.83-5.78,34.95-5.12\"><\/path>\n        <path class=\"cls-3\" d=\"M431.4,108.21c2.88,.11,16.93,.95,27.78,12.53,13.01,13.88,10.55,31.62,10.21,33.82\"><\/path>\n        <path class=\"cls-3\" d=\"M457.96,91.41c2.84,.53,16.61,3.43,25.64,16.48,10.82,15.65,5.78,32.83,5.12,34.95\"><\/path>\n    <\/svg>\n    <ul>\n                    <li>\n                <span>\n                    Trening personalny                <\/span>\n                <span class=\"price\">\n                    <span style=\"transform: rotate(-2deg)\"> 150 z\u0142<\/span>\n                <\/span>\n            <\/li>\n                    <li>\n                <span>\n                    Trening personalny dla 2 os\u00f3b                <\/span>\n                <span class=\"price\">\n                    <span style=\"transform: rotate(-2deg)\"> 180 z\u0142<\/span>\n                <\/span>\n            <\/li>\n                    <li>\n                <span>\n                    Trening personalny dla 3-5 os\u00f3b                <\/span>\n                <span class=\"price\">\n                    <span style=\"transform: rotate(-2deg)\"> 70 z\u0142 \/ osoba<\/span>\n                <\/span>\n            <\/li>\n            <\/ul>\n<\/section><\/div><\/div><\/div><\/div><\/div><div id=\"pg-6538-4\"  class=\"panel-grid panel-has-style\" ><div class=\"container panel-row-style panel-row-style-for-6538-4\" ><div id=\"pgc-6538-4-0\"  class=\"panel-grid-cell\" ><div id=\"panel-6538-4-0-0\" class=\"so-panel widget widget_questions-widget panel-first-child panel-last-child\" data-index=\"6\" ><div\n\t\t\t\n\t\t\tclass=\"so-widget-questions-widget so-widget-questions-widget-base\"\n\t\t\t\n\t\t><section class=\"questions animatecssjs\">\n    <svg style=\"transform: rotate(0deg) !important;\" class=\"gymek1\" data-name=\"Warstwa 1\" xmlns=\"http:\/\/www.w3.org\/2000\/svg\" viewBox=\"0 0 595.28 595.28\">\n        <path class=\"cls-2\" d=\"M463.82,158.59c-2.24,10.73-9.12,17.39-14.57,20.38-17.21,9.44-36.58,7.47-42.34,6.34,4.9,5.61,11.98,15.11,16.66,28.53,2.57,7.38,8.89,26.4,2.06,49.25-6.81,22.76-22.41,35.05-25.35,37.3-1.61,1.23-3.22,2.29-4.82,3.2-2.72-25.12-11-45.25-23.27-60.94,2.18-4.67,3.84-10.33,3.9-17.26,.03-3.7-.09-23.56-13.87-42.92-13.84-19.42-32.74-26.11-40.14-28.61-1.53-.52-3.04-.98-4.52-1.38,.08-1.03,.17-2.1,.25-2.95,.4-4.32,2.15-21.57,18.98-28.63,40.44-16.95,80.55-8.29,90.84-5.47,15.72,4.3,24.1,8.66,29,14.74,1.74,2.16,10.39,13.04,7.19,28.42Z\"\/>\n        <path class=\"cls-2\" d=\"M429.94,487.52c-8.15,8.61-22.27,10.47-32.78,10.48,0,0-1.26-.09-2.89-.22,9.48-21.18,3.6-68.46-3.37-98.06-2.63-11.18-5.79-20.53-9.84-29.96,2.76-4.8,5.74-9.48,8.05-14.49,.69-1.49,2.3-6.14,2.3-6.14,2.35-8.16,4.17-16.66,4.75-25.4,3.83,3.92,7.29,8.21,9.96,12.81,13.74,23.69,18.07,39.28,18.07,39.28,4.5,13.56,10.93,34.56,13.99,55.82,3.65,25.34,2.22,44.82-8.24,55.88Z\"\/>\n        <path class=\"cls-2\" d=\"M376.09,225.39c-.06,6.93-1.72,12.59-3.9,17.26-8.83-11.29-19.71-20.29-32.07-27.19-22.46-12.57-49.79-18.22-78.41-18.22-15.87,0-31.34,3.21-45.76,8.99-1.44-1.11-3.71-3.05-4.72-3.95-1.23-1.09-3.11-2.83-4.84-4.45-3.17-2.97-15.71-14.94-10.94-32.56,11.45-42.33,42.92-68.66,51.46-75.05,13.05-9.77,21.64-13.71,29.44-13.84,2.78-.04,16.68-.19,26.85,11.78,7.09,8.36,8.13,17.88,7.14,24.01-3.12,19.38-16.57,33.46-21,37.32,6.59-.38,16.65-.23,28.22,2.99,1.48,.4,2.99,.86,4.52,1.38,7.4,2.5,26.3,9.19,40.14,28.61,13.78,19.36,13.9,39.22,13.87,42.92Z\"\/>\n        <path class=\"cls-3\" d=\"M368.06,343.37c2.38,4.35,4.73,8.94,7.11,13.73,2.16,4.34,4.11,8.51,5.89,12.66,2.76-4.8,5.74-9.48,8.05-14.49,.69-1.49,2.3-6.14,2.3-6.14,2.35-8.16,4.17-16.66,4.75-25.4,.2-3.08,.25-6.18,.11-9.31-.16-3.71-.43-7.32-.81-10.83-2.72-25.12-11-45.25-23.27-60.94-8.83-11.29-19.71-20.29-32.07-27.19-22.46-12.57-49.79-18.22-78.41-18.22-15.87,0-31.34,3.21-45.76,8.99-48.53,19.43-85.19,67.98-85.19,121.38,0,69.27,48.21,136.47,124.94,136.47,29.24,0,51.42-3.89,72.75-20.66l.09-.13c-1.28-6.7-3.49-14.21-7.19-21.87m-114.65-77.2c-2.13-14.02,4.64-26.67,15.13-28.26,10.48-1.6,20.71,8.47,22.84,22.48,2.13,14.02-4.64,26.67-15.13,28.26-10.48,1.6-20.71-8.47-22.84-22.48Zm32.59,86.56c-10.49,1.6-20.72-8.47-22.85-22.48-2.13-14.02,4.65-26.67,15.13-28.26,10.49-1.6,20.72,8.47,22.85,22.48,2.13,14.01-4.65,26.67-15.13,28.26Z\"\/>\n        <path class=\"cls-3\" d=\"M368.06,343.37c5.19,9.72,9.43,18.09,13,26.39,4.05,9.43,7.21,18.78,9.84,29.96,6.97,29.6,12.85,76.88,3.37,98.06-1.49,3.35-3.37,6.05-5.69,7.92-17.79,14.37-39.9,13.74-64.43,12.76-14.99-.6-30.6-3.96-37.29-18.65-5.63-12.37-1-21.99,2.29-25.26,9.71-9.63,23.97-10.73,40.58-5.68,0,0,1.63-10.85-1.19-25.58-1.28-6.7-3.49-14.21-7.19-21.87\"\/>\n        <path class=\"cls-1\" d=\"M237.93,404.36c-1.65,.25-3.13,.96-4.36,2.05-2.38,2.01-3.87,5.3-3.96,9-.03,.85,.02,1.74,.16,2.63,1.02,6.71,6.33,11.47,11.85,10.63,5.53-.84,9.17-6.97,8.15-13.68-1.02-6.72-6.32-11.48-11.85-10.63Z\"\/>\n        <path class=\"cls-1\" d=\"M226.36,341.43c-1.65,.25-3.13,.96-4.36,2.05-2.38,2.01-3.87,5.3-3.96,9-.03,.85,.02,1.74,.16,2.63,1.02,6.71,6.33,11.47,11.85,10.63,5.53-.84,9.17-6.97,8.15-13.68-1.02-6.72-6.32-11.48-11.85-10.63Z\"\/>\n    <\/svg>\n    <div class=\"icons\">\n        <div class=\"right\">\n           \n        <\/div>   \n    <\/div>\n    <div class=\"content\">\n        <h2>Do you have any questions?<\/h2>\n        <p>We'd be happy to answer them! <br\/>Call us <a href=\"tel:+48123336006\">+48 12 333 60 06<\/a> or send us an email <a href=\"mailto:modlniczka@gymnastic.com.pl\">modlniczka@gymnastic.com.pl<\/a><\/p>\n    <\/div>\n    <svg class=\"deco-2\" xmlns=\"http:\/\/www.w3.org\/2000\/svg\" viewBox=\"0 0 841.89 841.89\"><path class=\"cls-1\" d=\"M285.68,752.61h148.24c0-67.54,54.75-122.29,122.29-122.29v-148.24c-67.54,0-122.29-54.75-122.29-122.28,0-67.54,54.75-122.29,122.29-122.29V89.28c-149.41,0-270.52,121.12-270.52,270.52,0,77.34,32.46,147.09,84.49,196.4-52.03,49.3-84.49,119.06-84.49,196.4Z\"\/><\/svg>\n<\/section><\/div><\/div><\/div><\/div><\/div><\/div>","protected":false},"excerpt":{"rendered":"<p>Zaj\u0119cia indywidualneDlaczego warto Kiedy czujesz, \u017ce zaj\u0119cia grupowe to dla Ciebie za ma\u0142o i dodatkowo chcesz skoncentrowa\u0107 si\u0119 na doskonaleniu wybranego elementu gimnastycznego zapraszamy Ci\u0119 na zaj\u0119cia indywidualne. Profesjonalizm oraz indywidualne &#8211; to tym w\u0142a\u015bnie cechuj\u0105 si\u0119 te zaj\u0119cia.<\/p>\n","protected":false},"author":1,"featured_media":0,"parent":6532,"menu_order":2,"comment_status":"closed","ping_status":"closed","template":"","meta":{"ngg_post_thumbnail":0,"footnotes":""},"class_list":["post-6538","page","type-page","status-publish","hentry","entry"],"_links":{"self":[{"href":"https:\/\/gymnastic.com.pl\/en\/wp-json\/wp\/v2\/pages\/6538","targetHints":{"allow":["GET"]}}],"collection":[{"href":"https:\/\/gymnastic.com.pl\/en\/wp-json\/wp\/v2\/pages"}],"about":[{"href":"https:\/\/gymnastic.com.pl\/en\/wp-json\/wp\/v2\/types\/page"}],"author":[{"embeddable":true,"href":"https:\/\/gymnastic.com.pl\/en\/wp-json\/wp\/v2\/users\/1"}],"replies":[{"embeddable":true,"href":"https:\/\/gymnastic.com.pl\/en\/wp-json\/wp\/v2\/comments?post=6538"}],"version-history":[{"count":0,"href":"https:\/\/gymnastic.com.pl\/en\/wp-json\/wp\/v2\/pages\/6538\/revisions"}],"up":[{"embeddable":true,"href":"https:\/\/gymnastic.com.pl\/en\/wp-json\/wp\/v2\/pages\/6532"}],"wp:attachment":[{"href":"https:\/\/gymnastic.com.pl\/en\/wp-json\/wp\/v2\/media?parent=6538"}],"curies":[{"name":"wp","href":"https:\/\/api.w.org\/{rel}","templated":true}]}}